{"id":206,"date":"2016-03-09T21:38:49","date_gmt":"2016-03-09T21:38:49","guid":{"rendered":"http:\/\/project-step.ca\/?page_id=206&#038;lang=fr"},"modified":"2022-06-14T19:48:05","modified_gmt":"2022-06-14T19:48:05","slug":"obtenez-de-laide","status":"publish","type":"page","link":"https:\/\/project-step.ca\/fr\/obtenez-de-laide\/","title":{"rendered":"Obtenez de l\u2019aide"},"content":{"rendered":"<p>[vc_row css=\u00a0\u00bb.vc_custom_1457559293840{padding-top: 30px !important;padding-bottom: 30px !important;}\u00a0\u00bb][vc_column][vc_column_text el_class=\u00a0\u00bbh1 text-blue\u00a0\u00bb]<\/p>\n<h1 style=\"text-align: center;\">Obtenez de l\u2019aide<\/h1>\n<p>[\/vc_column_text][vc_column_text css_animation=\u00a0\u00bbbottom-to-top\u00a0\u00bb el_class=\u00a0\u00bblead\u00a0\u00bb]<\/p>\n<p style=\"text-align: center;\"><strong>Vous \u00eates un jeune ou un parent en situation de crise? Communiquez avec\u202f: <\/strong><\/p>\n<p style=\"text-align: center;\"><a href=\"https:\/\/www.ysb.ca\/services\/ysb-mental-health\/24-7-crisis-line\/\" target=\"_blank\" rel=\"noopener\"><span data-contrast=\"none\">La ligne d\u2019\u00e9coute du Bureau des services \u00e0 la jeunesse<\/span><\/a><span data-ccp-props=\"{&quot;201341983&quot;:0,&quot;335559739&quot;:160,&quot;335559740&quot;:259}\"><br \/>\n<\/span><span data-contrast=\"none\">N<\/span><span data-contrast=\"none\">o<\/span><span data-contrast=\"none\"> de t\u00e9l\u00e9phone\u202f: 613-260-2360 ou 1-877-377-7775 (sans frais pour l\u2019est de l\u2019Ontario)<\/span><span data-ccp-props=\"{&quot;201341983&quot;:0,&quot;335559739&quot;:160,&quot;335559740&quot;:259}\"><br \/>\n<\/span><span data-contrast=\"none\">Courriel\u202f: <\/span><a href=\"mailto:crisis@ysb.on.ca\"><span data-contrast=\"none\">crisis@ysb.on.ca<\/span><\/a><span data-contrast=\"none\">\u00a0<\/span><span data-ccp-props=\"{&quot;201341983&quot;:0,&quot;335559739&quot;:160,&quot;335559740&quot;:259}\">\u00a0<\/span><\/p>\n<p>[\/vc_column_text][\/vc_column][\/vc_row][vc_row full_width=\u00a0\u00bbstretch_row\u00a0\u00bb content_placement=\u00a0\u00bbtop\u00a0\u00bb css=\u00a0\u00bb.vc_custom_1654783382496{background-color: #f2f2f2 !important;}\u00a0\u00bb][vc_column][vc_column_text css_animation=\u00a0\u00bbbottom-to-top\u00a0\u00bb]<span data-contrast=\"none\">Pour obtenir du counseling en mati\u00e8re de d\u00e9pendance \u00e0 l\u2019\u00e9cole (<\/span><a href=\"https:\/\/ocdsb.ca\/\" target=\"_blank\" rel=\"noopener\"><span data-contrast=\"none\">Conseil scolaire du district d&rsquo;Ottawa-Carleton<\/span><\/a><span data-contrast=\"none\">, <\/span><a href=\"https:\/\/www.ocsb.ca\/\" target=\"_blank\" rel=\"noopener\"><span data-contrast=\"none\">Commission scolaire catholique d&rsquo;Ottawa<\/span><\/a><span data-contrast=\"none\">, <\/span><a href=\"https:\/\/www.ecolecatholique.ca\/\" target=\"_blank\" rel=\"noopener\"><span data-contrast=\"none\">Conseil des \u00e9coles catholiques du Centre-Est<\/span><\/a><span data-contrast=\"none\"> ou <\/span><a href=\"https:\/\/cepeo.on.ca\/\" target=\"_blank\" rel=\"noopener\"><span data-contrast=\"none\">Conseil des \u00e9coles publiques de l&rsquo;Est de l&rsquo;Ontario<\/span><\/a><span data-contrast=\"none\">), veuillez communiquer directement avec le ou la conseille\u00b7re scolaire.<\/span><span data-ccp-props=\"{&quot;201341983&quot;:0,&quot;335559739&quot;:160,&quot;335559740&quot;:259}\">\u00a0<\/span><\/p>\n<p><span data-contrast=\"none\">Pour les jeunes, adultes et familles n\u00e9cessitant un acc\u00e8s rapide et gratuit \u00e0 du counseling par t\u00e9l\u00e9phone ou vid\u00e9oconf\u00e9rence, notamment pour les personnes issues des communaut\u00e9s africaines, antillaises et noires; autochtones; et 2SLGBTQ+, veuillez communiquer directement avec <\/span><a href=\"https:\/\/www.counsellingconnect.org\/fr-ca\" target=\"_blank\" rel=\"noopener\"><span data-contrast=\"none\">Counseling on connecte<\/span><\/a><span data-contrast=\"none\">.\u00a0<\/span><span data-ccp-props=\"{&quot;201341983&quot;:0,&quot;335559739&quot;:160,&quot;335559740&quot;:259}\">\u00a0<\/span><\/p>\n<p><span data-contrast=\"none\">Il est \u00e9galement possible de communiquer avec le <\/span><a href=\"https:\/\/www.dcottawa.on.ca\/?lang=fr\" target=\"_blank\" rel=\"noopener\"><span data-contrast=\"none\">Centre de d\u00e9tresse d\u2019Ottawa et la r\u00e9gion<\/span><\/a><span data-contrast=\"none\">, ouvert 24\u202fh sur 24, 7\u202fjours sur 7, en composant le 613-238-3311 ou en envoyant un texto au 343-306-5550 entre 10\u202fh et 23\u202fh.<\/span><span data-ccp-props=\"{&quot;201341983&quot;:0,&quot;335559739&quot;:160,&quot;335559740&quot;:259}\">\u00a0<\/span>[\/vc_column_text][\/vc_column][\/vc_row][vc_row full_width=\u00a0\u00bbstretch_row\u00a0\u00bb css=\u00a0\u00bb.vc_custom_1523040647849{padding-top: 30px !important;padding-bottom: 30px !important;}\u00a0\u00bb][vc_column width=\u00a0\u00bb1\/3&Prime;][vc_column_text css_animation=\u00a0\u00bbbottom-to-top\u00a0\u00bb]<strong>Services de counseling en sant\u00e9 mentale et en d\u00e9pendance pour jeunes, adultes et parents offerts en anglais\u202f:\u00a0<\/strong><\/p>\n<p><a href=\"https:\/\/www.rideauwood.org\/\" target=\"_blank\" rel=\"noopener\"><span data-contrast=\"none\">Rideauwood Addictions and Family Services<\/span><\/a><span data-ccp-props=\"{&quot;201341983&quot;:0,&quot;335559739&quot;:160,&quot;335559740&quot;:259}\"><br \/>\n<\/span><span data-contrast=\"none\">N<\/span><span data-contrast=\"none\">o<\/span><span data-contrast=\"none\"> de t\u00e9l\u00e9phone\u202f: 613-724-4881<\/span><span data-ccp-props=\"{&quot;201341983&quot;:0,&quot;335559739&quot;:160,&quot;335559740&quot;:259}\"><br \/>\n<\/span><span data-contrast=\"none\">Courriel\u202f: <\/span><a href=\"mailto:rideauwood@rideauwood.org\"><span data-contrast=\"none\">rideauwood@rideauwood.org<\/span><\/a><span data-ccp-props=\"{&quot;201341983&quot;:0,&quot;335559739&quot;:160,&quot;335559740&quot;:259}\">\u00a0<\/span>[\/vc_column_text][\/vc_column][vc_column width=\u00a0\u00bb1\/3&Prime;][vc_column_text css_animation=\u00a0\u00bbbottom-to-top\u00a0\u00bb]<strong>Services de counseling en sant\u00e9 mentale et en d\u00e9pendance pour jeunes, adultes et parents offerts en fran\u00e7ais\u202f:\u00a0<\/strong><\/p>\n<p><a href=\"https:\/\/centrelecap.ca\/en\/lecap-home\/\" target=\"_blank\" rel=\"noopener\"><span data-contrast=\"none\">Centre Le CAP<\/span><\/a><span data-ccp-props=\"{&quot;201341983&quot;:0,&quot;335559739&quot;:160,&quot;335559740&quot;:259}\"><br \/>\n<\/span><span data-contrast=\"none\">N<\/span><span data-contrast=\"none\">o<\/span><span data-contrast=\"none\"> de t\u00e9l\u00e9phone\u202f: 613-789-2240<\/span><span data-ccp-props=\"{&quot;201341983&quot;:0,&quot;335559739&quot;:160,&quot;335559740&quot;:259}\"><br \/>\n<\/span><span data-contrast=\"none\">Courriel\u202f: <\/span><a href=\"mailto:info@centrelecap.ca\"><span data-contrast=\"none\">info@centrelecap.ca<\/span><\/a><span data-ccp-props=\"{&quot;201341983&quot;:0,&quot;335559739&quot;:160,&quot;335559740&quot;:259}\">\u00a0<\/span>[\/vc_column_text][\/vc_column][vc_column width=\u00a0\u00bb1\/3&Prime;][vc_column_text css_animation=\u00a0\u00bbbottom-to-top\u00a0\u00bb]<strong>Pour en apprendre davantage \u00e0 propos des services de soutien offerts par l\u2019entremise des partenaires de services communautaires du <i>projet r\u00e9pa<\/i>\u202f:\u00a0<\/strong><\/p>\n<p><a href=\"https:\/\/operationcomehome.ca\/fr\/\" target=\"_blank\" rel=\"noopener\"><span data-contrast=\"none\">Op\u00e9ration rentrer au foyer<\/span><\/a><span data-ccp-props=\"{&quot;201341983&quot;:0,&quot;335559739&quot;:160,&quot;335559740&quot;:259}\"><br \/>\n<\/span><a href=\"https:\/\/www.youvillecentre.org\/\" target=\"_blank\" rel=\"noopener\"><span data-contrast=\"none\">Centre Youville<\/span><\/a><span data-ccp-props=\"{&quot;201341983&quot;:0,&quot;335559739&quot;:160,&quot;335559740&quot;:259}\"><br \/>\n<\/span><a href=\"https:\/\/wabano.com\/\" target=\"_blank\" rel=\"noopener\"><span data-contrast=\"none\">Wabano Centre for Aboriginal Health<\/span><\/a><span data-ccp-props=\"{&quot;201341983&quot;:0,&quot;335559739&quot;:160,&quot;335559740&quot;:259}\">\u00a0<\/span>[\/vc_column_text][\/vc_column][\/vc_row][vc_row full_width=\u00a0\u00bbstretch_row\u00a0\u00bb equal_height=\u00a0\u00bbyes\u00a0\u00bb content_placement=\u00a0\u00bbmiddle\u00a0\u00bb css=\u00a0\u00bb.vc_custom_1457641765161{padding-top: 30px !important;padding-bottom: 30px !important;background-color: #00acc8 !important;}\u00a0\u00bb][vc_column width=\u00a0\u00bb2\/3&Prime; css=\u00a0\u00bb.vc_custom_1457376656301{margin: 0px !important;border-width: 0px !important;padding: 15px !important;}\u00a0\u00bb][vc_column_text css_animation=\u00a0\u00bbbottom-to-top\u00a0\u00bb el_class=\u00a0\u00bbtext-white h3&Prime; css=\u00a0\u00bb.vc_custom_1655236039055{margin-top: 0px !important;margin-right: 0px !important;margin-bottom: 0px !important;margin-left: 0px !important;border-top-width: 0px !important;border-right-width: 0px !important;border-bottom-width: 0px !important;border-left-width: 0px !important;padding-top: 0px !important;padding-right: 0px !important;padding-bottom: 0px !important;padding-left: 0px !important;}\u00a0\u00bb]<\/p>\n<p style=\"text-align: right;\"><strong>Appuyez le <em>projet r\u00e9pa<\/em>\u202f: am\u00e9liorez les conditions de vie d\u2019un jeune dans le besoin.<\/strong><\/p>\n<p>[\/vc_column_text][\/vc_column][vc_column width=\u00a0\u00bb1\/3&Prime; css=\u00a0\u00bb.vc_custom_1457376662906{margin: 0px !important;border-width: 0px !important;padding: 15px !important;}\u00a0\u00bb][vc_btn title=\u00a0\u00bbDONNEZ D\u00c8S MAINTENANT\u00a0\u00bb style=\u00a0\u00bboutline\u00a0\u00bb color=\u00a0\u00bbwhite\u00a0\u00bb size=\u00a0\u00bblg\u00a0\u00bb css_animation=\u00a0\u00bbbottom-to-top\u00a0\u00bb css=\u00a0\u00bb.vc_custom_1655236076156{margin-top: 0px !important;margin-right: 0px !important;margin-bottom: 0px !important;margin-left: 0px !important;border-top-width: 0px !important;border-right-width: 0px !important;border-bottom-width: 0px !important;border-left-width: 0px !important;padding-top: 0px !important;padding-right: 0px !important;padding-bottom: 0px !important;padding-left: 0px !important;}\u00a0\u00bb link=\u00a0\u00bburl:https%3A%2F%2Fuwco.ca%2FProjetRepa|target:_blank\u00a0\u00bb][\/vc_column][\/vc_row]<\/p>\n","protected":false},"excerpt":{"rendered":"<p>[vc_row css=\u00a0\u00bb.vc_custom_1457559293840{padding-top: 30px !important;padding-bottom: 30px !important;}\u00a0\u00bb][vc_column][vc_column_text el_class=\u00a0\u00bbh1 text-blue\u00a0\u00bb] Obtenez de l\u2019aide [\/vc_column_text][vc_column_text css_animation=\u00a0\u00bbbottom-to-top\u00a0\u00bb el_class=\u00a0\u00bblead\u00a0\u00bb] Vous \u00eates un jeune ou un parent en situation de crise? Communiquez avec\u202f: La ligne d\u2019\u00e9coute du Bureau des services \u00e0 la jeunesse No de t\u00e9l\u00e9phone\u202f: 613-260-2360 ou 1-877-377-7775 (sans frais pour l\u2019est de l\u2019Ontario) Courriel\u202f: crisis@ysb.on.ca\u00a0\u00a0 [\/vc_column_text][\/vc_column][\/vc_row][vc_row full_width=\u00a0\u00bbstretch_row\u00a0\u00bb content_placement=\u00a0\u00bbtop\u00a0\u00bb css=\u00a0\u00bb.vc_custom_1654783382496{background-color: [&hellip;]<\/p>\n","protected":false},"author":1,"featured_media":0,"parent":0,"menu_order":0,"comment_status":"closed","ping_status":"closed","template":"","meta":{"_monsterinsights_skip_tracking":false,"_monsterinsights_sitenote_active":false,"_monsterinsights_sitenote_note":"","_monsterinsights_sitenote_category":0,"footnotes":""},"class_list":["post-206","page","type-page","status-publish","hentry"],"yoast_head":"<!-- This site is optimized with the Yoast SEO plugin v26.8 - https:\/\/yoast.com\/product\/yoast-seo-wordpress\/ -->\n<title>Obtenez de l\u2019aide\u00a0- Projet R\u00e9pa<\/title>\n<meta name=\"robots\" content=\"index, follow, max-snippet:-1, max-image-preview:large, max-video-preview:-1\" \/>\n<link rel=\"canonical\" href=\"https:\/\/project-step.ca\/fr\/obtenez-de-laide\/\" \/>\n<meta property=\"og:locale\" content=\"fr_FR\" \/>\n<meta property=\"og:type\" content=\"article\" \/>\n<meta property=\"og:title\" content=\"Obtenez de l\u2019aide\u00a0- Projet R\u00e9pa\" \/>\n<meta property=\"og:description\" content=\"[vc_row css=\u00a0\u00bb.vc_custom_1457559293840{padding-top: 30px !important;padding-bottom: 30px !important;}\u00a0\u00bb][vc_column][vc_column_text el_class=\u00a0\u00bbh1 text-blue\u00a0\u00bb] Obtenez de l\u2019aide [\/vc_column_text][vc_column_text css_animation=\u00a0\u00bbbottom-to-top\u00a0\u00bb el_class=\u00a0\u00bblead\u00a0\u00bb] Vous \u00eates un jeune ou un parent en situation de crise? Communiquez avec\u202f: La ligne d\u2019\u00e9coute du Bureau des services \u00e0 la jeunesse No de t\u00e9l\u00e9phone\u202f: 613-260-2360 ou 1-877-377-7775 (sans frais pour l\u2019est de l\u2019Ontario) Courriel\u202f: crisis@ysb.on.ca\u00a0\u00a0 [\/vc_column_text][\/vc_column][\/vc_row][vc_row full_width=\u00a0\u00bbstretch_row\u00a0\u00bb content_placement=\u00a0\u00bbtop\u00a0\u00bb css=\u00a0\u00bb.vc_custom_1654783382496{background-color: [&hellip;]\" \/>\n<meta property=\"og:url\" content=\"https:\/\/project-step.ca\/fr\/obtenez-de-laide\/\" \/>\n<meta property=\"og:site_name\" content=\"Project Step\" \/>\n<meta property=\"article:modified_time\" content=\"2022-06-14T19:48:05+00:00\" \/>\n<meta name=\"twitter:card\" content=\"summary_large_image\" \/>\n<meta name=\"twitter:label1\" content=\"Dur\u00e9e de lecture estim\u00e9e\" \/>\n\t<meta name=\"twitter:data1\" content=\"4 minutes\" \/>\n<script type=\"application\/ld+json\" class=\"yoast-schema-graph\">{\"@context\":\"https:\/\/schema.org\",\"@graph\":[{\"@type\":\"WebPage\",\"@id\":\"https:\/\/project-step.ca\/fr\/obtenez-de-laide\/\",\"url\":\"https:\/\/project-step.ca\/fr\/obtenez-de-laide\/\",\"name\":\"Obtenez de l\u2019aide\u00a0- Projet R\u00e9pa\",\"isPartOf\":{\"@id\":\"https:\/\/project-step.ca\/#website\"},\"datePublished\":\"2016-03-09T21:38:49+00:00\",\"dateModified\":\"2022-06-14T19:48:05+00:00\",\"breadcrumb\":{\"@id\":\"https:\/\/project-step.ca\/fr\/obtenez-de-laide\/#breadcrumb\"},\"inLanguage\":\"fr-FR\",\"potentialAction\":[{\"@type\":\"ReadAction\",\"target\":[\"https:\/\/project-step.ca\/fr\/obtenez-de-laide\/\"]}]},{\"@type\":\"BreadcrumbList\",\"@id\":\"https:\/\/project-step.ca\/fr\/obtenez-de-laide\/#breadcrumb\",\"itemListElement\":[{\"@type\":\"ListItem\",\"position\":1,\"name\":\"Home\",\"item\":\"https:\/\/project-step.ca\/fr\/\"},{\"@type\":\"ListItem\",\"position\":2,\"name\":\"Obtenez de l\u2019aide\"}]},{\"@type\":\"WebSite\",\"@id\":\"https:\/\/project-step.ca\/#website\",\"url\":\"https:\/\/project-step.ca\/\",\"name\":\"Project Step\",\"description\":\"\",\"potentialAction\":[{\"@type\":\"SearchAction\",\"target\":{\"@type\":\"EntryPoint\",\"urlTemplate\":\"https:\/\/project-step.ca\/?s={search_term_string}\"},\"query-input\":{\"@type\":\"PropertyValueSpecification\",\"valueRequired\":true,\"valueName\":\"search_term_string\"}}],\"inLanguage\":\"fr-FR\"}]}<\/script>\n<!-- \/ Yoast SEO plugin. -->","yoast_head_json":{"title":"Obtenez de l\u2019aide\u00a0- Projet R\u00e9pa","robots":{"index":"index","follow":"follow","max-snippet":"max-snippet:-1","max-image-preview":"max-image-preview:large","max-video-preview":"max-video-preview:-1"},"canonical":"https:\/\/project-step.ca\/fr\/obtenez-de-laide\/","og_locale":"fr_FR","og_type":"article","og_title":"Obtenez de l\u2019aide\u00a0- Projet R\u00e9pa","og_description":"[vc_row css=\u00a0\u00bb.vc_custom_1457559293840{padding-top: 30px !important;padding-bottom: 30px !important;}\u00a0\u00bb][vc_column][vc_column_text el_class=\u00a0\u00bbh1 text-blue\u00a0\u00bb] Obtenez de l\u2019aide [\/vc_column_text][vc_column_text css_animation=\u00a0\u00bbbottom-to-top\u00a0\u00bb el_class=\u00a0\u00bblead\u00a0\u00bb] Vous \u00eates un jeune ou un parent en situation de crise? Communiquez avec\u202f: La ligne d\u2019\u00e9coute du Bureau des services \u00e0 la jeunesse No de t\u00e9l\u00e9phone\u202f: 613-260-2360 ou 1-877-377-7775 (sans frais pour l\u2019est de l\u2019Ontario) Courriel\u202f: crisis@ysb.on.ca\u00a0\u00a0 [\/vc_column_text][\/vc_column][\/vc_row][vc_row full_width=\u00a0\u00bbstretch_row\u00a0\u00bb content_placement=\u00a0\u00bbtop\u00a0\u00bb css=\u00a0\u00bb.vc_custom_1654783382496{background-color: [&hellip;]","og_url":"https:\/\/project-step.ca\/fr\/obtenez-de-laide\/","og_site_name":"Project Step","article_modified_time":"2022-06-14T19:48:05+00:00","twitter_card":"summary_large_image","twitter_misc":{"Dur\u00e9e de lecture estim\u00e9e":"4 minutes"},"schema":{"@context":"https:\/\/schema.org","@graph":[{"@type":"WebPage","@id":"https:\/\/project-step.ca\/fr\/obtenez-de-laide\/","url":"https:\/\/project-step.ca\/fr\/obtenez-de-laide\/","name":"Obtenez de l\u2019aide\u00a0- Projet R\u00e9pa","isPartOf":{"@id":"https:\/\/project-step.ca\/#website"},"datePublished":"2016-03-09T21:38:49+00:00","dateModified":"2022-06-14T19:48:05+00:00","breadcrumb":{"@id":"https:\/\/project-step.ca\/fr\/obtenez-de-laide\/#breadcrumb"},"inLanguage":"fr-FR","potentialAction":[{"@type":"ReadAction","target":["https:\/\/project-step.ca\/fr\/obtenez-de-laide\/"]}]},{"@type":"BreadcrumbList","@id":"https:\/\/project-step.ca\/fr\/obtenez-de-laide\/#breadcrumb","itemListElement":[{"@type":"ListItem","position":1,"name":"Home","item":"https:\/\/project-step.ca\/fr\/"},{"@type":"ListItem","position":2,"name":"Obtenez de l\u2019aide"}]},{"@type":"WebSite","@id":"https:\/\/project-step.ca\/#website","url":"https:\/\/project-step.ca\/","name":"Project Step","description":"","potentialAction":[{"@type":"SearchAction","target":{"@type":"EntryPoint","urlTemplate":"https:\/\/project-step.ca\/?s={search_term_string}"},"query-input":{"@type":"PropertyValueSpecification","valueRequired":true,"valueName":"search_term_string"}}],"inLanguage":"fr-FR"}]}},"_links":{"self":[{"href":"https:\/\/project-step.ca\/fr\/wp-json\/wp\/v2\/pages\/206","targetHints":{"allow":["GET"]}}],"collection":[{"href":"https:\/\/project-step.ca\/fr\/wp-json\/wp\/v2\/pages"}],"about":[{"href":"https:\/\/project-step.ca\/fr\/wp-json\/wp\/v2\/types\/page"}],"author":[{"embeddable":true,"href":"https:\/\/project-step.ca\/fr\/wp-json\/wp\/v2\/users\/1"}],"replies":[{"embeddable":true,"href":"https:\/\/project-step.ca\/fr\/wp-json\/wp\/v2\/comments?post=206"}],"version-history":[{"count":5,"href":"https:\/\/project-step.ca\/fr\/wp-json\/wp\/v2\/pages\/206\/revisions"}],"predecessor-version":[{"id":667,"href":"https:\/\/project-step.ca\/fr\/wp-json\/wp\/v2\/pages\/206\/revisions\/667"}],"wp:attachment":[{"href":"https:\/\/project-step.ca\/fr\/wp-json\/wp\/v2\/media?parent=206"}],"curies":[{"name":"wp","href":"https:\/\/api.w.org\/{rel}","templated":true}]}}